{"id":6,"date":"2019-09-05T08:43:56","date_gmt":"2019-09-05T08:43:56","guid":{"rendered":"https:\/\/aguabiosfera.com\/?p=6"},"modified":"2024-06-10T23:05:45","modified_gmt":"2024-06-10T23:05:45","slug":"historia","status":"publish","type":"page","link":"https:\/\/aguabiosfera.com\/?page_id=6","title":{"rendered":"Historia"},"content":{"rendered":"<h1>Enfoque Sostenible<\/h1>\n<div>\n<p>Bi\u00f3sfera se enfoc\u00f3 en el desarrollo de pr\u00e1cticas de recolecci\u00f3n y embotellado de agua que minimizaban el impacto ambiental.<\/p>\n<\/div>\n<p><iframe src=\"https:\/\/youtu.be\/kVztRmEhu8U\"><\/iframe><\/p>\n<h2>Sobre Nosotros<\/h2>\n<ul>\n<li>\n<h3>Misi\u00f3n<\/h3>\n<div>\n<p>Bi\u00f3sfera se comprometi\u00f3 con una misi\u00f3n clara: \u00a8<strong>Proveer agua pura y natural, promoviendo pr\u00e1cticas sostenibles y protegiendo la biodiversidad para las futuras generaciones.\u00a8<\/strong><\/p>\n<\/div>\n<\/li>\n<li>\n<h3>Visi\u00f3n<\/h3>\n<div>\n<p>La visi\u00f3n de la empresa es convertirse en un l\u00edder global en sostenibilidad ambiental, demostrando que es posible combinar la rentabilidad con la responsabilidad ecol\u00f3gica.<\/p>\n<\/div>\n<\/li>\n<\/ul>\n<p><img decoding=\"async\" src=\"\/wp-content\/uploads\/2024\/06\/jorge-loya.jpeg\" alt=\"\"><\/p>\n<div>Ing. Jorge Loya<\/div>\n<blockquote>\n<p>\u00abHemos\u00a0demostrado que es posible construir una empresa exitosa y rentable sin comprometer la sostenibilidad y la responsabilidad ambiental. A trav\u00e9s de su compromiso con la calidad, la innovaci\u00f3n y la conservaci\u00f3n\u00bb<\/p>\n<footer>\n<p>        Procesos, Calidad<\/p>\n<\/footer>\n<\/blockquote>\n<p><!--more--><br \/>\n<!-- {\"name\":\"Services\",\"type\":\"layout\",\"children\":[{\"name\":\"Hero\",\"type\":\"section\",\"props\":{\"image\":\"wp-content\\\/uploads\\\/yootheme\\\/service-header.jpg\",\"image_loading\":true,\"image_position\":\"center-center\",\"image_size\":\"cover\",\"image_width\":\"2560\",\"media\":\"images\\\/service-header.jpg\",\"padding\":\"large\",\"style\":\"muted\",\"title_breakpoint\":\"xl\",\"title_position\":\"top-left\",\"title_rotation\":\"left\",\"vertical_align\":\"middle\",\"width\":\"default\"},\"children\":[{\"name\":\"\",\"type\":\"row\",\"children\":[{\"name\":\"\",\"type\":\"column\",\"props\":{\"image_position\":\"center-center\",\"media_overlay_gradient\":\"\",\"position_sticky_breakpoint\":\"m\",\"width_medium\":\"1-1\"},\"children\":[{\"name\":\"\",\"type\":\"headline\",\"props\":{\"content\":\"Enfoque Sostenible\",\"maxwidth\":\"xlarge\",\"title_element\":\"h1\",\"title_style\":\"h1\"}},{\"name\":\"\",\"type\":\"text\",\"props\":{\"column_breakpoint\":\"m\",\"content\":\"\n\n<p>Bi\\u00f3sfera se enfoc\\u00f3 en el desarrollo de pr\\u00e1cticas de recolecci\\u00f3n y embotellado de agua que minimizaban el impacto ambiental.<\\\/p>\",\"margin\":\"\",\"maxwidth\":\"xlarge\",\"text_style\":\"lead\"}}]}]}]},{\"type\":\"section\",\"props\":{\"image_position\":\"center-center\",\"style\":\"default\",\"title_breakpoint\":\"xl\",\"title_position\":\"top-left\",\"title_rotation\":\"left\",\"vertical_align\":\"middle\",\"width\":\"default\"},\"children\":[{\"type\":\"row\",\"children\":[{\"type\":\"column\",\"props\":{\"image_position\":\"center-center\",\"media_overlay_gradient\":\"\",\"position_sticky_breakpoint\":\"m\"},\"children\":[{\"type\":\"video\",\"props\":{\"margin\":\"default\",\"text_align\":\"center\",\"video\":\"https:\\\/\\\/youtu.be\\\/kVztRmEhu8U\",\"video_controls\":true,\"video_width\":\"1000\"}}]}]}]},{\"name\":\"Services\",\"type\":\"section\",\"props\":{\"image_position\":\"center-center\",\"image_size\":\"cover\",\"padding\":\"large\",\"style\":\"default\",\"title_breakpoint\":\"xl\",\"title_position\":\"top-left\",\"title_rotation\":\"left\",\"vertical_align\":\"middle\",\"width\":\"default\"},\"children\":[{\"name\":\"\",\"type\":\"row\",\"children\":[{\"name\":\"\",\"type\":\"column\",\"props\":{\"image_position\":\"center-center\",\"media_overlay_gradient\":\"\",\"position_sticky_breakpoint\":\"m\",\"width_medium\":\"1-1\"},\"children\":[{\"name\":\"\",\"type\":\"headline\",\"props\":{\"content\":\"Sobre Nosotros\",\"margin\":\"medium\",\"title_decoration\":\"bullet\",\"title_element\":\"h2\",\"title_style\":\"h6\"}},{\"type\":\"grid\",\"props\":{\"content_column_breakpoint\":\"m\",\"content_style\":\"text-lead\",\"filter_align\":\"left\",\"filter_all\":true,\"filter_grid_breakpoint\":\"m\",\"filter_grid_width\":\"auto\",\"filter_position\":\"top\",\"filter_style\":\"tab\",\"grid_default\":\"1\",\"grid_divider\":true,\"grid_medium\":\"\",\"icon_ratio\":4,\"icon_width\":80,\"image_align\":\"top\",\"image_grid_breakpoint\":\"m\",\"image_grid_width\":\"1-2\",\"image_svg_color\":\"emphasis\",\"item_animation\":true,\"link_style\":\"default\",\"link_text\":\"Read more\",\"margin\":\"default\",\"meta_align\":\"below-title\",\"meta_element\":\"div\",\"meta_style\":\"text-meta\",\"parallax_easing\":\"1\",\"show_content\":true,\"show_image\":true,\"show_link\":true,\"show_meta\":true,\"show_title\":true,\"title_align\":\"left\",\"title_element\":\"h3\",\"title_grid_breakpoint\":\"m\",\"title_grid_width\":\"1-3\",\"title_hover_style\":\"reset\",\"title_style\":\"h2\"},\"children\":[{\"type\":\"grid_item\",\"props\":{\"content\":\"\n\n<p>Bi\\u00f3sfera se comprometi\\u00f3 con una misi\\u00f3n clara: \\u00a8<strong>Proveer agua pura y natural, promoviendo pr\\u00e1cticas sostenibles y protegiendo la biodiversidad para las futuras generaciones.\\u00a8<\\\/strong><\\\/p>\",\"title\":\"Misi\\u00f3n\"}},{\"type\":\"grid_item\",\"props\":{\"content\":\"\n\n<p>La visi\\u00f3n de la empresa es convertirse en un l\\u00edder global en sostenibilidad ambiental, demostrando que es posible combinar la rentabilidad con la responsabilidad ecol\\u00f3gica.<\\\/p>\",\"title\":\"Visi\\u00f3n\"}}]}]}]}]},{\"name\":\"Testimonial\",\"type\":\"section\",\"props\":{\"height_viewport\":false,\"image_position\":\"center-center\",\"image_size\":\"cover\",\"preserve_color\":false,\"style\":\"secondary\",\"title_breakpoint\":\"xl\",\"title_position\":\"top-left\",\"title_rotation\":\"left\",\"vertical_align\":\"middle\",\"width\":\"small\"},\"children\":[{\"name\":\"\",\"type\":\"row\",\"children\":[{\"name\":\"\",\"type\":\"column\",\"props\":{\"image_position\":\"center-center\",\"media_overlay_gradient\":\"\",\"position_sticky_breakpoint\":\"m\",\"width_medium\":\"1-1\"},\"children\":[{\"name\":\"\",\"type\":\"image\",\"props\":{\"image\":\"wp-content\\\/uploads\\\/2024\\\/06\\\/jorge-loya.jpeg\",\"image_alt\":\"\",\"image_border\":\"circle\",\"image_height\":\"100\",\"image_svg_color\":\"emphasis\",\"image_width\":\"100\",\"inline_align\":\"center\",\"margin\":\"default\",\"text_align\":\"center\"}},{\"name\":\"\",\"type\":\"headline\",\"props\":{\"content\":\"Ing. Jorge Loya\",\"text_align\":\"center\",\"title_element\":\"div\",\"title_style\":\"h5\"}},{\"type\":\"quotation\",\"props\":{\"author\":\"\",\"block_align\":\"center\",\"content\":\"\n\n<p>\\\"Hemos\\u00a0demostrado que es posible construir una empresa exitosa y rentable sin comprometer la sostenibilidad y la responsabilidad ambiental. A trav\\u00e9s de su compromiso con la calidad, la innovaci\\u00f3n y la conservaci\\u00f3n\\\"<\\\/p>\",\"footer\":\"Procesos, Calidad\",\"link\":\"\",\"margin\":\"medium\",\"maxwidth\":\"xlarge\",\"text_align\":\"center\"}}]}]}]}],\"version\":\"3.0.27\"} --><\/p>\n","protected":false},"excerpt":{"rendered":"<p>Enfoque Sostenible Bi\u00f3sfera se enfoc\u00f3 en el desarrollo de pr\u00e1cticas de recolecci\u00f3n y embotellado de agua que minimizaban el impacto ambiental. Sobre Nosotros Misi\u00f3n Bi\u00f3sfera se comprometi\u00f3 con una misi\u00f3n clara: \u00a8Proveer agua pura y natural, promoviendo pr\u00e1cticas sostenibles y protegiendo la biodiversidad para las futuras generaciones.\u00a8 Visi\u00f3n La visi\u00f3n de la empresa es convertirse [&hellip;]<\/p>\n","protected":false},"author":1,"featured_media":0,"parent":0,"menu_order":5,"comment_status":"open","ping_status":"closed","template":"","meta":{"footnotes":""},"class_list":["post-6","page","type-page","status-publish","hentry"],"acf":[],"_links":{"self":[{"href":"https:\/\/aguabiosfera.com\/index.php?rest_route=\/wp\/v2\/pages\/6","targetHints":{"allow":["GET"]}}],"collection":[{"href":"https:\/\/aguabiosfera.com\/index.php?rest_route=\/wp\/v2\/pages"}],"about":[{"href":"https:\/\/aguabiosfera.com\/index.php?rest_route=\/wp\/v2\/types\/page"}],"author":[{"embeddable":true,"href":"https:\/\/aguabiosfera.com\/index.php?rest_route=\/wp\/v2\/users\/1"}],"replies":[{"embeddable":true,"href":"https:\/\/aguabiosfera.com\/index.php?rest_route=%2Fwp%2Fv2%2Fcomments&post=6"}],"version-history":[{"count":13,"href":"https:\/\/aguabiosfera.com\/index.php?rest_route=\/wp\/v2\/pages\/6\/revisions"}],"predecessor-version":[{"id":1262,"href":"https:\/\/aguabiosfera.com\/index.php?rest_route=\/wp\/v2\/pages\/6\/revisions\/1262"}],"wp:attachment":[{"href":"https:\/\/aguabiosfera.com\/index.php?rest_route=%2Fwp%2Fv2%2Fmedia&parent=6"}],"curies":[{"name":"wp","href":"https:\/\/api.w.org\/{rel}","templated":true}]}}