{"id":5,"date":"2019-09-05T08:43:56","date_gmt":"2019-09-05T08:43:56","guid":{"rendered":"https:\/\/aguabiosfera.com\/?p=5"},"modified":"2026-02-11T21:39:51","modified_gmt":"2026-02-11T21:39:51","slug":"press","status":"publish","type":"page","link":"https:\/\/aguabiosfera.com\/?page_id=5","title":{"rendered":"Productos"},"content":{"rendered":"<h1>Nuestros Productos<\/h1>\n<div>\n<p><span>M\u00e1s que una bebida, es un viaje revitalizante para tu cuerpo y mente.<\/span><\/p>\n<\/div>\n<ul>\n<li>\n        <a href=\"https:\/\/api.whatsapp.com\/send?phone=593968847242&#038;text=Hola,%20Necesito%20m%C3%A1s%20informaci%C3%B3n.\">096 884 7242<\/a>\n    <\/li>\n<li>\n        <a href=\"mailto:info@aguabiosfera.com\">info@aguabiosfera.com<\/a>\n    <\/li>\n<\/ul>\n<div>\n<p>        <img decoding=\"async\" src=\"\/wp-content\/uploads\/2025\/06\/agua-biosfera.jpg\" alt=\"\"><\/p>\n<p><a href=\"https:\/\/api.whatsapp.com\/send?phone=593968847242&#038;text=Hola,%20Necesito%20m%C3%A1s%20informaci%C3%B3n.\">Pedir informaci\u00f3n<\/a><\/p>\n<\/div>\n<h2>Presentaciones:<strong> 300, 600 y 1000<\/strong> ml<\/h2>\n<ul>\n<li>\n<p>        <img decoding=\"async\" src=\"\/wp-content\/uploads\/2026\/02\/agua-300ml-biosfera.jpg\" alt=\"\"><\/p>\n<h3>300 ml Bi\u00f3sfera<\/h3>\n<\/li>\n<li>\n<p>        <img decoding=\"async\" src=\"\/wp-content\/uploads\/2026\/02\/agua-600ml-biosfera.jpg\" alt=\"\"><\/p>\n<h3>600 ml Bi\u00f3sfera<\/h3>\n<\/li>\n<li>\n<p>        <img decoding=\"async\" src=\"\/wp-content\/uploads\/2026\/02\/agua-1000ml-biosfera.jpg\" alt=\"\"><\/p>\n<h3>1000 ml Bi\u00f3sfera<\/h3>\n<\/li>\n<\/ul>\n<h2>Bid\u00f3n <strong>20<\/strong> lt<\/h2>\n<ul>\n<li>\n<p>        <img decoding=\"async\" src=\"\/wp-content\/uploads\/2026\/02\/bidon-biosfera.jpg\" alt=\"\"><\/p>\n<h3>Bidon<\/h3>\n<\/li>\n<li>\n<p>        <img decoding=\"async\" src=\"\/wp-content\/uploads\/2026\/02\/biosfera-agua-ecuador.jpg\" alt=\"\"><\/p>\n<h3>Press Logo 01<\/h3>\n<\/li>\n<li>\n<p>        <img decoding=\"async\" src=\"\/wp-content\/uploads\/2024\/06\/bidon20l-agua-embotellada-ecuador.jpg\" alt=\"\"><\/p>\n<h3>Press Logo 01<\/h3>\n<\/li>\n<\/ul>\n<h2>Art\u00edculos de Inter\u00e9s<\/h2>\n<div>\n<\/div>\n<p><!--more--><br \/>\n<!-- {\"name\":\"Press\",\"type\":\"layout\",\"children\":[{\"name\":\"Hero\",\"type\":\"section\",\"props\":{\"css\":\".el-section{background-color:#f1f1f1}\",\"height_viewport\":false,\"image_position\":\"center-center\",\"image_size\":\"cover\",\"media\":\"images\\\/press-header.jpg\",\"media_advanced\":true,\"media_background\":\"#fff\",\"media_overlay\":\"rgba(0,0,0,0)\",\"media_size\":\"cover\",\"style\":\"default\",\"title_breakpoint\":\"xl\",\"title_position\":\"top-left\",\"title_rotation\":\"left\",\"vertical_align\":\"middle\",\"width\":\"default\"},\"children\":[{\"name\":\"\",\"type\":\"row\",\"children\":[{\"name\":\"\",\"type\":\"column\",\"props\":{\"image_position\":\"center-center\",\"media_overlay_gradient\":\"\",\"position_sticky_breakpoint\":\"m\",\"width_medium\":\"1-2\"},\"children\":[{\"name\":\"\",\"type\":\"headline\",\"props\":{\"content\":\"Nuestros Productos\",\"margin_remove_top\":true,\"text_align\":\"left\",\"title_element\":\"h1\",\"title_style\":\"heading-small\"}},{\"name\":\"\",\"type\":\"text\",\"props\":{\"column_breakpoint\":\"m\",\"content\":\"\n\n<p><span>M\\u00e1s que una bebida, es un viaje revitalizante para tu cuerpo y mente.<\\\/span><\\\/p>\",\"margin\":\"\",\"maxwidth\":\"xlarge\",\"text_align\":\"left\",\"text_style\":\"lead\"}},{\"name\":\"\",\"type\":\"button\",\"props\":{\"button_size\":\"large\",\"grid_column_gap\":\"small\",\"grid_row_gap\":\"small\",\"inline_align\":\"\",\"margin\":\"medium\",\"margin_remove_top\":false},\"children\":[{\"name\":\"\",\"type\":\"button_item\",\"props\":{\"button_style\":\"primary\",\"content\":\"096 884 7242\",\"icon\":\"whatsapp\",\"icon_align\":\"left\",\"link\":\"https:\\\/\\\/api.whatsapp.com\\\/send?phone=593968847242&text=Hola,%20Necesito%20m%C3%A1s%20informaci%C3%B3n.\",\"link_target\":\"blank\"}},{\"name\":\"\",\"type\":\"button_item\",\"props\":{\"button_style\":\"primary\",\"content\":\"info@aguabiosfera.com\",\"icon\":\"mail\",\"icon_align\":\"left\",\"link\":\"mailto:info@aguabiosfera.com\",\"link_target\":\"blank\"}}]}]},{\"type\":\"column\",\"props\":{\"image_position\":\"center-center\",\"media_overlay_gradient\":\"\",\"position_sticky_breakpoint\":\"m\",\"width_medium\":\"1-2\"},\"children\":[{\"type\":\"overlay\",\"props\":{\"image\":\"wp-content\\\/uploads\\\/2025\\\/06\\\/agua-biosfera.jpg\",\"image_height\":\"350\",\"link\":\"https:\\\/\\\/api.whatsapp.com\\\/send?phone=593968847242&text=Hola,%20Necesito%20m%C3%A1s%20informaci%C3%B3n.\",\"link_style\":\"default\",\"link_text\":\"Pedir informaci\\u00f3n\",\"margin\":\"default\",\"meta_align\":\"below-title\",\"meta_element\":\"div\",\"meta_style\":\"text-meta\",\"overlay_hover\":true,\"overlay_mode\":\"caption\",\"overlay_position\":\"center\",\"overlay_style\":\"overlay-primary\",\"overlay_transition\":\"fade\",\"text_align\":\"center\",\"text_color\":\"\",\"title_element\":\"h3\",\"title_hover_style\":\"reset\"}}]}],\"props\":{\"layout\":\"1-2,1-2\"}}]},{\"name\":\"Brand assets\",\"type\":\"section\",\"props\":{\"css\":\".el-section{background-color:#0058a6}\",\"image_position\":\"center-center\",\"image_size\":\"cover\",\"padding\":\"small\",\"padding_remove_top\":false,\"style\":\"default\",\"title_breakpoint\":\"xl\",\"title_position\":\"top-left\",\"title_rotation\":\"left\",\"vertical_align\":\"middle\",\"width\":\"default\"},\"children\":[{\"name\":\"\",\"type\":\"row\",\"children\":[{\"name\":\"\",\"type\":\"column\",\"props\":{\"image_position\":\"center-center\",\"media_overlay_gradient\":\"\",\"position_sticky_breakpoint\":\"m\",\"width_small\":\"1-1\"},\"children\":[{\"name\":\"\",\"type\":\"headline\",\"props\":{\"content\":\"Presentaciones:<strong> 300, 600 y 1000<\\\/strong> ml\",\"margin\":\"medium\",\"title_color\":\"muted\",\"title_element\":\"h2\",\"title_style\":\"h4\"}},{\"type\":\"gallery\",\"props\":{\"filter_align\":\"left\",\"filter_all\":true,\"filter_grid_breakpoint\":\"m\",\"filter_grid_width\":\"auto\",\"filter_position\":\"top\",\"filter_style\":\"tab\",\"grid_default\":\"1\",\"grid_masonry\":false,\"grid_medium\":\"\",\"grid_small\":\"3\",\"image_loading\":true,\"image_width\":\"610\",\"item_animation\":true,\"lightbox\":false,\"link_style\":\"default\",\"link_text\":\"Read more\",\"margin\":\"\",\"meta_align\":\"below-title\",\"meta_element\":\"div\",\"meta_style\":\"text-meta\",\"overlay_hover\":true,\"overlay_link\":false,\"overlay_mode\":\"caption\",\"overlay_padding\":\"small\",\"overlay_position\":\"top-center\",\"overlay_style\":\"tile-secondary\",\"overlay_transition\":\"fade\",\"overlay_transition_background\":false,\"parallax_easing\":\"1\",\"show_content\":true,\"show_hover_image\":true,\"show_link\":true,\"show_meta\":true,\"show_title\":true,\"text_align\":\"center\",\"text_color\":\"light\",\"title_element\":\"h3\",\"title_hover_style\":\"reset\",\"title_style\":\"h6\",\"title_transition\":\"scale-up\"},\"children\":[{\"type\":\"gallery_item\",\"props\":{\"image\":\"wp-content\\\/uploads\\\/2026\\\/02\\\/agua-300ml-biosfera.jpg\",\"title\":\"300 ml Bi\\u00f3sfera\"}},{\"type\":\"gallery_item\",\"props\":{\"image\":\"wp-content\\\/uploads\\\/2026\\\/02\\\/agua-600ml-biosfera.jpg\",\"title\":\"600 ml Bi\\u00f3sfera\"}},{\"type\":\"gallery_item\",\"props\":{\"image\":\"wp-content\\\/uploads\\\/2026\\\/02\\\/agua-1000ml-biosfera.jpg\",\"title\":\"1000 ml Bi\\u00f3sfera\"}}]}]}]},{\"name\":\"\",\"type\":\"row\",\"children\":[{\"name\":\"\",\"type\":\"column\",\"props\":{\"image_position\":\"center-center\",\"media_overlay_gradient\":\"\",\"position_sticky_breakpoint\":\"m\",\"width_small\":\"1-1\"},\"children\":[{\"name\":\"\",\"type\":\"headline\",\"props\":{\"content\":\"Bid\\u00f3n <strong>20<\\\/strong> lt\",\"margin\":\"medium\",\"title_color\":\"muted\",\"title_element\":\"h2\",\"title_style\":\"h4\"}},{\"type\":\"gallery\",\"props\":{\"filter_align\":\"left\",\"filter_all\":true,\"filter_grid_breakpoint\":\"m\",\"filter_grid_width\":\"auto\",\"filter_position\":\"top\",\"filter_style\":\"tab\",\"grid_default\":\"1\",\"grid_medium\":\"\",\"grid_small\":\"3\",\"image_loading\":true,\"image_width\":\"610\",\"item_animation\":true,\"link_style\":\"default\",\"link_text\":\"Read more\",\"margin\":\"\",\"meta_align\":\"below-title\",\"meta_element\":\"div\",\"meta_style\":\"text-meta\",\"overlay_hover\":true,\"overlay_mode\":\"cover\",\"overlay_position\":\"center\",\"overlay_style\":\"\",\"overlay_transition\":\"fade\",\"parallax_easing\":\"1\",\"show_content\":true,\"show_hover_image\":true,\"show_link\":true,\"show_meta\":true,\"show_title\":false,\"text_align\":\"center\",\"text_color\":\"light\",\"title_element\":\"h3\",\"title_hover_style\":\"reset\"},\"children\":[{\"type\":\"gallery_item\",\"props\":{\"image\":\"wp-content\\\/uploads\\\/2026\\\/02\\\/bidon-biosfera.jpg\",\"meta\":\"\",\"tags\":\"Bidon, agua, guayaquil\",\"title\":\"Bidon\"}},{\"type\":\"gallery_item\",\"props\":{\"image\":\"wp-content\\\/uploads\\\/2026\\\/02\\\/biosfera-agua-ecuador.jpg\",\"title\":\"Press Logo 01\"}},{\"type\":\"gallery_item\",\"props\":{\"image\":\"wp-content\\\/uploads\\\/2024\\\/06\\\/bidon20l-agua-embotellada-ecuador.jpg\",\"title\":\"Press Logo 01\"}}]}]}]}]},{\"name\":\"Blog\",\"type\":\"section\",\"props\":{\"css\":\".el-section{background-color:#f1f1f1}\",\"image_position\":\"center-center\",\"image_size\":\"cover\",\"padding_remove_top\":false,\"style\":\"default\",\"title_breakpoint\":\"xl\",\"title_position\":\"top-left\",\"title_rotation\":\"left\",\"vertical_align\":\"middle\",\"width\":\"default\"},\"children\":[{\"name\":\"\",\"type\":\"row\",\"children\":[{\"name\":\"\",\"type\":\"column\",\"props\":{\"image_position\":\"center-center\",\"media_overlay_gradient\":\"\",\"position_sticky_breakpoint\":\"m\",\"width_medium\":\"1-1\"},\"children\":[{\"name\":\"\",\"type\":\"headline\",\"props\":{\"content\":\"Art\\u00edculos de Inter\\u00e9s\",\"margin\":\"medium\",\"title_element\":\"h2\",\"title_style\":\"h1\"}},{\"name\":\"\",\"type\":\"grid\",\"props\":{\"content_column_breakpoint\":\"m\",\"filter_align\":\"left\",\"filter_all\":true,\"filter_grid_breakpoint\":\"m\",\"filter_grid_width\":\"auto\",\"filter_position\":\"top\",\"filter_style\":\"tab\",\"grid_column_gap\":\"large\",\"grid_default\":\"1\",\"grid_divider\":true,\"grid_medium\":\"3\",\"grid_row_gap\":\"large\",\"icon_ratio\":4,\"icon_width\":80,\"image_align\":\"top\",\"image_grid_breakpoint\":\"m\",\"image_grid_width\":\"1-2\",\"image_svg_color\":\"emphasis\",\"item_animation\":true,\"link_style\":\"text\",\"link_text\":\"M\\u00e1s Informaci\\u00f3n\",\"margin\":\"default\",\"meta_align\":\"below-title\",\"meta_color\":\"muted\",\"meta_element\":\"div\",\"meta_margin\":\"small\",\"meta_style\":\"\",\"parallax_easing\":\"1\",\"show_content\":true,\"show_image\":true,\"show_link\":true,\"show_meta\":true,\"show_title\":true,\"title_align\":\"top\",\"title_element\":\"h3\",\"title_grid_breakpoint\":\"m\",\"title_grid_width\":\"1-2\",\"title_hover_style\":\"reset\",\"title_link\":true},\"children\":[{\"name\":\"\",\"type\":\"grid_item\",\"source\":{\"query\":{\"name\":\"posts.customPosts\",\"arguments\":{\"offset\":0,\"limit\":3,\"order\":\"date\",\"order_direction\":\"DESC\",\"terms\":[],\"category_operator\":\"IN\",\"post_tag_operator\":\"IN\",\"users\":[],\"users_operator\":\"IN\"}},\"props\":{\"title\":{\"filters\":{\"search\":\"\"},\"name\":\"title\"},\"meta\":{\"filters\":{\"search\":\"\",\"date\":\"m \\\/ d \\\/ Y\"},\"name\":\"date\"},\"link\":{\"filters\":{\"search\":\"\"},\"name\":\"link\"},\"image\":{\"filters\":{\"search\":\"\"},\"name\":\"featuredImage.url\"}}}}]}]}]}]}],\"version\":\"3.0.27\"} --><\/p>\n","protected":false},"excerpt":{"rendered":"<p>Nuestros Productos M\u00e1s que una bebida, es un viaje revitalizante para tu cuerpo y mente. 096 884 7242 info@aguabiosfera.com Pedir informaci\u00f3n Presentaciones: 300, 600 y 1000 ml 300 ml Bi\u00f3sfera 600 ml Bi\u00f3sfera 1000 ml Bi\u00f3sfera Bid\u00f3n 20 lt Bidon Press Logo 01 Press Logo 01 Art\u00edculos de Inter\u00e9s<\/p>\n","protected":false},"author":1,"featured_media":0,"parent":0,"menu_order":4,"comment_status":"open","ping_status":"closed","template":"","meta":{"footnotes":""},"class_list":["post-5","page","type-page","status-publish","hentry"],"acf":[],"_links":{"self":[{"href":"https:\/\/aguabiosfera.com\/index.php?rest_route=\/wp\/v2\/pages\/5","targetHints":{"allow":["GET"]}}],"collection":[{"href":"https:\/\/aguabiosfera.com\/index.php?rest_route=\/wp\/v2\/pages"}],"about":[{"href":"https:\/\/aguabiosfera.com\/index.php?rest_route=\/wp\/v2\/types\/page"}],"author":[{"embeddable":true,"href":"https:\/\/aguabiosfera.com\/index.php?rest_route=\/wp\/v2\/users\/1"}],"replies":[{"embeddable":true,"href":"https:\/\/aguabiosfera.com\/index.php?rest_route=%2Fwp%2Fv2%2Fcomments&post=5"}],"version-history":[{"count":43,"href":"https:\/\/aguabiosfera.com\/index.php?rest_route=\/wp\/v2\/pages\/5\/revisions"}],"predecessor-version":[{"id":1357,"href":"https:\/\/aguabiosfera.com\/index.php?rest_route=\/wp\/v2\/pages\/5\/revisions\/1357"}],"wp:attachment":[{"href":"https:\/\/aguabiosfera.com\/index.php?rest_route=%2Fwp%2Fv2%2Fmedia&parent=5"}],"curies":[{"name":"wp","href":"https:\/\/api.w.org\/{rel}","templated":true}]}}