{"id":2,"date":"2019-09-05T08:43:56","date_gmt":"2019-09-05T08:43:56","guid":{"rendered":"https:\/\/aguabiosfera.com\/?p=2"},"modified":"2026-04-09T21:41:23","modified_gmt":"2026-04-09T21:41:23","slug":"contactos-biosfera","status":"publish","type":"page","link":"https:\/\/aguabiosfera.com\/?page_id=2","title":{"rendered":"Contactos"},"content":{"rendered":"<h2><span>RESOLVEMOS TUS INQUIETUDES<\/span><\/h2>\n<div>\n<p>Nuestro equipo est\u00e1 listo para ofrecer los mejores productos\u00a0 y promociones.<\/p>\n<\/div>\n<p>\n    <a href=\"https:\/\/api.whatsapp.com\/send?phone=593968847242&#038;text=Hola,%20Necesito%20m%C3%A1s%20informaci%C3%B3n.\">Contacto Whatsapp<\/a>\n<\/p>\n<p><img decoding=\"async\" src=\"https:\/\/aguabiosfera.com\/wp-content\/uploads\/2026\/04\/BiosferaContactanos.png\" alt=\"\"><\/p>\n<h2>Distribuye Agua Bi\u00f3sfera<\/h2>\n<div>\n<p style=\"text-align: center;\">S\u00e9 parte de nuestra familia<br \/>y accede a promociones B2B incre\u00edbles.<\/p>\n<\/div>\n<ul>\n<li>\n<h3>Tel\u00e9fono<\/h3>\n<p><a href=\"tel:5550199\"><\/p>\n<p><span>096 884 7242<\/span><\/p>\n<p><\/a><\/p>\n<\/li>\n<li>\n<h3>Correo<\/h3>\n<p><a href=\"mailto:info@aguabiosfera.com\"><\/p>\n<p>info@aguabiosfera.com<\/p>\n<p><\/a><\/p>\n<\/li>\n<\/ul>\n<p><!--more--><br \/>\n<!-- {\"name\":\"Portfolio\",\"type\":\"layout\",\"children\":[{\"type\":\"section\",\"props\":{\"image\":\"wp-content\\\/uploads\\\/2024\\\/06\\\/agua-mamantial-ecuador.jpg\",\"image_position\":\"center-center\",\"media_background\":\"rgba(0, 0, 0, 0.57)\",\"media_blend_mode\":\"multiply\",\"style\":\"default\",\"title_breakpoint\":\"xl\",\"title_position\":\"top-left\",\"title_rotation\":\"left\",\"vertical_align\":\"middle\",\"width\":\"default\"},\"children\":[{\"type\":\"row\",\"props\":{\"layout\":\"1-2,1-2\"},\"children\":[{\"type\":\"column\",\"props\":{\"image_position\":\"center-center\",\"media_overlay_gradient\":\"\",\"position_sticky_breakpoint\":\"m\",\"width_medium\":\"1-2\"},\"children\":[{\"type\":\"headline\",\"props\":{\"block_align_breakpoint\":\"m\",\"block_align_fallback\":\"center\",\"content\":\"<span>RESOLVEMOS TUS INQUIETUDES<\\\/span>\",\"css\":\"@media (min-width: 960px) {\\n\\t.el-element { margin-top: 140px;}\\n}\",\"maxwidth\":\"xlarge\",\"text_align\":\"left\",\"text_align_breakpoint\":\"m\",\"text_align_fallback\":\"center\",\"title_color\":\"muted\",\"title_element\":\"h2\",\"title_style\":\"h1\"}},{\"type\":\"text\",\"props\":{\"block_align_breakpoint\":\"m\",\"block_align_fallback\":\"center\",\"column_breakpoint\":\"m\",\"content\":\"\n\n<p>Nuestro equipo est\\u00e1 listo para ofrecer los mejores productos\\u00a0 y promociones.<\\\/p>\",\"margin\":\"medium\",\"maxwidth\":\"large\",\"text_align\":\"left\",\"text_align_breakpoint\":\"m\",\"text_align_fallback\":\"center\"}},{\"type\":\"button\",\"props\":{\"button_size\":\"large\",\"grid_column_gap\":\"small\",\"grid_row_gap\":\"small\",\"margin\":\"default\",\"text_align\":\"left\",\"text_align_breakpoint\":\"m\",\"text_align_fallback\":\"center\"},\"children\":[{\"type\":\"button_item\",\"props\":{\"button_style\":\"primary\",\"content\":\"Contacto Whatsapp\",\"icon\":\"whatsapp\",\"icon_align\":\"left\",\"link\":\"https:\\\/\\\/api.whatsapp.com\\\/send?phone=593968847242&text=Hola,%20Necesito%20m%C3%A1s%20informaci%C3%B3n.\"}}]}]},{\"type\":\"column\",\"props\":{\"image_position\":\"center-center\",\"media_overlay_gradient\":\"\",\"position_sticky_breakpoint\":\"m\",\"width_medium\":\"1-2\"},\"children\":[{\"type\":\"image\",\"props\":{\"image\":\"https:\\\/\\\/aguabiosfera.com\\\/wp-content\\\/uploads\\\/2026\\\/04\\\/BiosferaContactanos.png\",\"image_svg_color\":\"emphasis\",\"margin\":\"default\"}}]}]}],\"name\":\"Slider\"},{\"name\":\"Contact\",\"type\":\"section\",\"props\":{\"image_position\":\"center-center\",\"image_size\":\"cover\",\"padding\":\"small\",\"style\":\"secondary\",\"title_breakpoint\":\"xl\",\"title_position\":\"top-left\",\"title_rotation\":\"left\",\"vertical_align\":\"middle\",\"width\":\"default\"},\"children\":[{\"name\":\"\",\"type\":\"row\",\"children\":[{\"name\":\"\",\"type\":\"column\",\"props\":{\"image_position\":\"center-center\",\"media_overlay_gradient\":\"\",\"position_sticky_breakpoint\":\"m\",\"width_medium\":\"1-1\"},\"children\":[{\"name\":\"\",\"type\":\"headline\",\"props\":{\"content\":\"Distribuye Agua Bi\\u00f3sfera\",\"margin_remove_bottom\":false,\"text_align\":\"center\",\"title_element\":\"h2\",\"title_style\":\"h1\"}}]}]},{\"name\":\"\",\"type\":\"row\",\"children\":[{\"name\":\"\",\"type\":\"column\",\"props\":{\"image_position\":\"center-center\",\"media_overlay_gradient\":\"\",\"position_sticky_breakpoint\":\"m\",\"width_medium\":\"\"},\"children\":[{\"type\":\"text\",\"props\":{\"column_breakpoint\":\"m\",\"content\":\"\n\n<p style=\\\"text-align: center;\\\">S\\u00e9 parte de nuestra familia<br \\\/>y accede a promociones B2B incre\\u00edbles.<\\\/p>\",\"margin\":\"default\"}},{\"type\":\"description_list\",\"props\":{\"column_breakpoint\":\"m\",\"layout\":\"grid-2\",\"list_element\":\"ul\",\"list_size\":\"collapse\",\"margin\":\"medium\",\"meta_align\":\"below-content\",\"meta_style\":\"text-meta\",\"show_content\":true,\"show_link\":true,\"show_meta\":true,\"show_title\":true,\"text_align\":\"left\",\"title_colon\":true,\"title_element\":\"div\",\"title_grid_column_gap\":\"small\",\"title_grid_row_gap\":\"small\",\"title_grid_width\":\"auto\"},\"children\":[{\"type\":\"description_list_item\",\"props\":{\"content\":\"\n\n<p><span>096 884 7242<\\\/span><\\\/p>\",\"link\":\"tel:5550199\",\"title\":\"Tel\\u00e9fono\"}},{\"type\":\"description_list_item\",\"props\":{\"content\":\"\n\n<p>info@aguabiosfera.com<\\\/p>\",\"link\":\"mailto:info@aguabiosfera.com\",\"title\":\"Correo\"}}]}]}]}]}],\"version\":\"3.0.27\"} --><\/p>\n","protected":false},"excerpt":{"rendered":"<p>RESOLVEMOS TUS INQUIETUDES Nuestro equipo est\u00e1 listo para ofrecer los mejores productos\u00a0 y promociones. Contacto Whatsapp Distribuye Agua Bi\u00f3sfera S\u00e9 parte de nuestra familiay accede a promociones B2B incre\u00edbles. Tel\u00e9fono 096 884 7242 Correo info@aguabiosfera.com<\/p>\n","protected":false},"author":1,"featured_media":0,"parent":0,"menu_order":1,"comment_status":"open","ping_status":"closed","template":"","meta":{"footnotes":""},"class_list":["post-2","page","type-page","status-publish","hentry"],"acf":[],"_links":{"self":[{"href":"https:\/\/aguabiosfera.com\/index.php?rest_route=\/wp\/v2\/pages\/2","targetHints":{"allow":["GET"]}}],"collection":[{"href":"https:\/\/aguabiosfera.com\/index.php?rest_route=\/wp\/v2\/pages"}],"about":[{"href":"https:\/\/aguabiosfera.com\/index.php?rest_route=\/wp\/v2\/types\/page"}],"author":[{"embeddable":true,"href":"https:\/\/aguabiosfera.com\/index.php?rest_route=\/wp\/v2\/users\/1"}],"replies":[{"embeddable":true,"href":"https:\/\/aguabiosfera.com\/index.php?rest_route=%2Fwp%2Fv2%2Fcomments&post=2"}],"version-history":[{"count":19,"href":"https:\/\/aguabiosfera.com\/index.php?rest_route=\/wp\/v2\/pages\/2\/revisions"}],"predecessor-version":[{"id":1362,"href":"https:\/\/aguabiosfera.com\/index.php?rest_route=\/wp\/v2\/pages\/2\/revisions\/1362"}],"wp:attachment":[{"href":"https:\/\/aguabiosfera.com\/index.php?rest_route=%2Fwp%2Fv2%2Fmedia&parent=2"}],"curies":[{"name":"wp","href":"https:\/\/api.w.org\/{rel}","templated":true}]}}